{"id":7,"date":"2024-02-09T10:32:22","date_gmt":"2024-02-09T10:32:22","guid":{"rendered":"https:\/\/atlas-security.dk\/?page_id=7"},"modified":"2024-02-09T12:00:07","modified_gmt":"2024-02-09T12:00:07","slug":"forside","status":"publish","type":"page","link":"https:\/\/atlas-security.dk\/","title":{"rendered":"Forside"},"content":{"rendered":"\t\t<div data-elementor-type=\"wp-page\" data-elementor-id=\"7\" class=\"elementor elementor-7\" data-elementor-post-type=\"page\">\n\t\t\t\t<div class=\"elementor-element elementor-element-1da9e57 e-flex e-con-boxed e-con e-parent\" data-id=\"1da9e57\" data-element_type=\"container\" data-settings=\"{&quot;background_background&quot;:&quot;classic&quot;}\">\n\t\t\t\t\t<div class=\"e-con-inner\">\n\t\t\t\t<div class=\"elementor-element elementor-element-4edc52a elementor-widget elementor-widget-image\" data-id=\"4edc52a\" data-element_type=\"widget\" data-widget_type=\"image.default\">\n\t\t\t\t<div class=\"elementor-widget-container\">\n\t\t\t\t\t\t\t\t\t\t\t\t\t\t\t<img decoding=\"async\" width=\"89\" height=\"180\" src=\"https:\/\/atlas-security.dk\/wp-content\/uploads\/2024\/02\/logo.png\" class=\"attachment-large size-large wp-image-18\" alt=\"\" \/>\t\t\t\t\t\t\t\t\t\t\t\t\t\t\t<\/div>\n\t\t\t\t<\/div>\n\t\t\t\t\t<\/div>\n\t\t\t\t<\/div>\n\t\t<div class=\"elementor-element elementor-element-46f6a54 e-flex e-con-boxed e-con e-parent\" data-id=\"46f6a54\" data-element_type=\"container\" data-settings=\"{&quot;background_background&quot;:&quot;classic&quot;}\">\n\t\t\t\t\t<div class=\"e-con-inner\">\n\t\t\t\t<div class=\"elementor-element elementor-element-e6a8d52 elementor-widget elementor-widget-heading\" data-id=\"e6a8d52\" data-element_type=\"widget\" data-widget_type=\"heading.default\">\n\t\t\t\t<div class=\"elementor-widget-container\">\n\t\t\t\t\t<h2 class=\"elementor-heading-title elementor-size-default\">VI ER KLAR TIL AT HJ\u00c6LPE DIG<\/h2>\t\t\t\t<\/div>\n\t\t\t\t<\/div>\n\t\t\t\t\t<\/div>\n\t\t\t\t<\/div>\n\t\t<div class=\"elementor-element elementor-element-7c88346 e-flex e-con-boxed e-con e-parent\" data-id=\"7c88346\" data-element_type=\"container\">\n\t\t\t\t\t<div class=\"e-con-inner\">\n\t\t\t\t<div class=\"elementor-element elementor-element-96c7237 elementor-widget elementor-widget-spacer\" data-id=\"96c7237\" data-element_type=\"widget\" data-widget_type=\"spacer.default\">\n\t\t\t\t<div class=\"elementor-widget-container\">\n\t\t\t\t\t\t\t<div class=\"elementor-spacer\">\n\t\t\t<div class=\"elementor-spacer-inner\"><\/div>\n\t\t<\/div>\n\t\t\t\t\t\t<\/div>\n\t\t\t\t<\/div>\n\t\t\t\t\t<\/div>\n\t\t\t\t<\/div>\n\t\t<div class=\"elementor-element elementor-element-01b42a4 e-flex e-con-boxed e-con e-parent\" data-id=\"01b42a4\" data-element_type=\"container\">\n\t\t\t\t\t<div class=\"e-con-inner\">\n\t\t<div class=\"elementor-element elementor-element-19d8c6f e-con-full e-flex e-con e-child\" data-id=\"19d8c6f\" data-element_type=\"container\" data-settings=\"{&quot;background_background&quot;:&quot;classic&quot;}\">\n\t\t\t\t<div class=\"elementor-element elementor-element-cf91791 elementor-widget elementor-widget-heading\" data-id=\"cf91791\" data-element_type=\"widget\" data-widget_type=\"heading.default\">\n\t\t\t\t<div class=\"elementor-widget-container\">\n\t\t\t\t\t<h2 class=\"elementor-heading-title elementor-size-default\">KONTAKTINFORMATIONER<\/h2>\t\t\t\t<\/div>\n\t\t\t\t<\/div>\n\t\t\t\t<div class=\"elementor-element elementor-element-cb022da elementor-widget elementor-widget-text-editor\" data-id=\"cb022da\" data-element_type=\"widget\" data-widget_type=\"text-editor.default\">\n\t\t\t\t<div class=\"elementor-widget-container\">\n\t\t\t\t\t\t\t\t\t<p>Vi er altid klar til at hj\u00e6lpe dig med dine sp\u00f8rgsm\u00e5l b\u00e5de p\u00e5 telefonen og online. Vi ser frem til at h\u00f8re fra dig.<\/p>\t\t\t\t\t\t\t\t<\/div>\n\t\t\t\t<\/div>\n\t\t\t\t<div class=\"elementor-element elementor-element-5b67e22 elementor-widget-divider--view-line elementor-widget elementor-widget-divider\" data-id=\"5b67e22\" data-element_type=\"widget\" data-widget_type=\"divider.default\">\n\t\t\t\t<div class=\"elementor-widget-container\">\n\t\t\t\t\t\t\t<div class=\"elementor-divider\">\n\t\t\t<span class=\"elementor-divider-separator\">\n\t\t\t\t\t\t<\/span>\n\t\t<\/div>\n\t\t\t\t\t\t<\/div>\n\t\t\t\t<\/div>\n\t\t\t\t<div class=\"elementor-element elementor-element-dc2367e elementor-widget elementor-widget-heading\" data-id=\"dc2367e\" data-element_type=\"widget\" data-widget_type=\"heading.default\">\n\t\t\t\t<div class=\"elementor-widget-container\">\n\t\t\t\t\t<h2 class=\"elementor-heading-title elementor-size-default\">KONTOR<\/h2>\t\t\t\t<\/div>\n\t\t\t\t<\/div>\n\t\t\t\t<div class=\"elementor-element elementor-element-cb48998 elementor-widget__width-initial elementor-widget elementor-widget-text-editor\" data-id=\"cb48998\" data-element_type=\"widget\" data-widget_type=\"text-editor.default\">\n\t\t\t\t<div class=\"elementor-widget-container\">\n\t\t\t\t\t\t\t\t\t<p>K\u00d8BENHAVN:<\/p><p>Gr\u00f8nningen 25<br \/>DK-1270 K\u00f8benhavn K<\/p>\t\t\t\t\t\t\t\t<\/div>\n\t\t\t\t<\/div>\n\t\t\t\t<div class=\"elementor-element elementor-element-46e0b8a elementor-widget__width-initial elementor-widget elementor-widget-text-editor\" data-id=\"46e0b8a\" data-element_type=\"widget\" data-widget_type=\"text-editor.default\">\n\t\t\t\t<div class=\"elementor-widget-container\">\n\t\t\t\t\t\t\t\t\t<p>TELEFON:<br \/><span style=\"color: #003366;\"><a style=\"color: #003366;\" href=\"tel:+45 70 23 60 00\"><span style=\"color: #013366;\">+45 70 23 60 00<\/span><\/a><\/span><\/p><p>E-MAIL:<br \/><span style=\"color: #013366;\"><a style=\"color: #013366;\" href=\"mailto:vagt@atlas-security.dk\">vagt@atlas-security.dk<\/a><\/span><\/p>\t\t\t\t\t\t\t\t<\/div>\n\t\t\t\t<\/div>\n\t\t\t\t<\/div>\n\t\t<div class=\"elementor-element elementor-element-fac05bc e-con-full e-flex e-con e-child\" data-id=\"fac05bc\" data-element_type=\"container\">\n\t\t\t\t<div class=\"elementor-element elementor-element-41b9efa elementor-widget elementor-widget-google_maps\" data-id=\"41b9efa\" data-element_type=\"widget\" data-widget_type=\"google_maps.default\">\n\t\t\t\t<div class=\"elementor-widget-container\">\n\t\t\t\t\t\t\t<div class=\"elementor-custom-embed\">\n\t\t\t<iframe loading=\"lazy\"\n\t\t\t\t\tsrc=\"https:\/\/maps.google.com\/maps?q=Gr%C3%B8nningen%2025%20%20DK-1270%20K%C3%B8benhavn%20K&#038;t=m&#038;z=14&#038;output=embed&#038;iwloc=near\"\n\t\t\t\t\ttitle=\"Gr\u00f8nningen 25  DK-1270 K\u00f8benhavn K\"\n\t\t\t\t\taria-label=\"Gr\u00f8nningen 25  DK-1270 K\u00f8benhavn K\"\n\t\t\t><\/iframe>\n\t\t<\/div>\n\t\t\t\t\t\t<\/div>\n\t\t\t\t<\/div>\n\t\t\t\t<\/div>\n\t\t\t\t\t<\/div>\n\t\t\t\t<\/div>\n\t\t<div class=\"elementor-element elementor-element-b307daa e-flex e-con-boxed e-con e-parent\" data-id=\"b307daa\" data-element_type=\"container\">\n\t\t\t\t\t<div class=\"e-con-inner\">\n\t\t\t\t<div class=\"elementor-element elementor-element-bfb86d4 elementor-widget elementor-widget-spacer\" data-id=\"bfb86d4\" data-element_type=\"widget\" data-widget_type=\"spacer.default\">\n\t\t\t\t<div class=\"elementor-widget-container\">\n\t\t\t\t\t\t\t<div class=\"elementor-spacer\">\n\t\t\t<div class=\"elementor-spacer-inner\"><\/div>\n\t\t<\/div>\n\t\t\t\t\t\t<\/div>\n\t\t\t\t<\/div>\n\t\t\t\t\t<\/div>\n\t\t\t\t<\/div>\n\t\t<div class=\"elementor-element elementor-element-7614d7a e-flex e-con-boxed e-con e-parent\" data-id=\"7614d7a\" data-element_type=\"container\">\n\t\t\t\t\t<div class=\"e-con-inner\">\n\t\t<div class=\"elementor-element elementor-element-689e537 e-con-full e-flex e-con e-child\" data-id=\"689e537\" data-element_type=\"container\">\n\t\t\t\t<div class=\"elementor-element elementor-element-009a830 elementor-widget elementor-widget-image\" data-id=\"009a830\" data-element_type=\"widget\" data-widget_type=\"image.default\">\n\t\t\t\t<div class=\"elementor-widget-container\">\n\t\t\t\t\t\t\t\t\t\t\t\t\t\t\t<img decoding=\"async\" width=\"89\" height=\"180\" src=\"https:\/\/atlas-security.dk\/wp-content\/uploads\/2024\/02\/logo.png\" class=\"attachment-large size-large wp-image-18\" alt=\"\" \/>\t\t\t\t\t\t\t\t\t\t\t\t\t\t\t<\/div>\n\t\t\t\t<\/div>\n\t\t\t\t<\/div>\n\t\t<div class=\"elementor-element elementor-element-a759e71 e-con-full e-flex e-con e-child\" data-id=\"a759e71\" data-element_type=\"container\">\n\t\t\t\t<div class=\"elementor-element elementor-element-205fbc6 elementor-widget elementor-widget-text-editor\" data-id=\"205fbc6\" data-element_type=\"widget\" data-widget_type=\"text-editor.default\">\n\t\t\t\t<div class=\"elementor-widget-container\">\n\t\t\t\t\t\t\t\t\t<p><strong>K\u00d8BENHAVN<\/strong><\/p><p>Gr\u00f8nningen 25<br \/>DK-1270 K\u00f8benhavn K<\/p><p><span style=\"color: #ffffff;\"><a style=\"color: #ffffff;\" href=\"tel:+45 70 23 60 00\">Tlf.: +45 70 23 60 00<\/a><\/span><br \/><span style=\"color: #ffffff;\"><a style=\"color: #ffffff;\" href=\"mailto:vagt@atlas-security.dk\">vagt@atlas-security.dk<\/a><\/span><\/p>\t\t\t\t\t\t\t\t<\/div>\n\t\t\t\t<\/div>\n\t\t\t\t<\/div>\n\t\t<div class=\"elementor-element elementor-element-e440f25 e-con-full e-flex e-con e-child\" data-id=\"e440f25\" data-element_type=\"container\">\n\t\t\t\t<div class=\"elementor-element elementor-element-fe355b9 elementor-widget elementor-widget-text-editor\" data-id=\"fe355b9\" data-element_type=\"widget\" data-widget_type=\"text-editor.default\">\n\t\t\t\t<div class=\"elementor-widget-container\">\n\t\t\t\t\t\t\t\t\t<p><strong>Atlas Security \u2013 en del af M. Goldschmidt koncernen<\/strong><\/p><p>Koncernen blev grundlagt i 1979 og besk\u00e6ftiger over 2000 medarbejdere fordelt p\u00e5 over 35 virksomheder. Koncernen investerer i ejendomme, virksomheder og v\u00e6rdipapirer under mottoet \u201dStyrken, Viljen og Evnen til at l\u00f8fte enhver opgave, vi p\u00e5tager os\u201d.<\/p>\t\t\t\t\t\t\t\t<\/div>\n\t\t\t\t<\/div>\n\t\t\t\t<\/div>\n\t\t\t\t\t<\/div>\n\t\t\t\t<\/div>\n\t\t<div class=\"elementor-element elementor-element-999a94e e-flex e-con-boxed e-con e-parent\" data-id=\"999a94e\" data-element_type=\"container\" data-settings=\"{&quot;background_background&quot;:&quot;classic&quot;}\">\n\t\t\t\t\t<div class=\"e-con-inner\">\n\t\t\t\t<div class=\"elementor-element elementor-element-3871456 elementor-widget elementor-widget-text-editor\" data-id=\"3871456\" data-element_type=\"widget\" data-widget_type=\"text-editor.default\">\n\t\t\t\t<div class=\"elementor-widget-container\">\n\t\t\t\t\t\t\t\t\t<p><span style=\"color: #000000;\"><a style=\"color: #000000;\" href=\"https:\/\/www.procopa.dk\/\" target=\"_blank\" rel=\"noopener\">Udviklet af: Procopa IT<\/a><\/span><\/p>\t\t\t\t\t\t\t\t<\/div>\n\t\t\t\t<\/div>\n\t\t\t\t\t<\/div>\n\t\t\t\t<\/div>\n\t\t\t\t<\/div>\n\t\t","protected":false},"excerpt":{"rendered":"<p>VI ER KLAR TIL AT HJ\u00c6LPE DIG KONTAKTINFORMATIONER Vi er altid klar til at hj\u00e6lpe dig med dine sp\u00f8rgsm\u00e5l b\u00e5de p\u00e5 telefonen og online. Vi ser frem til at h\u00f8re fra dig. KONTOR K\u00d8BENHAVN: Gr\u00f8nningen 25DK-1270 K\u00f8benhavn K TELEFON:+45 70 23 60 00 E-MAIL:vagt@atlas-security.dk K\u00d8BENHAVN Gr\u00f8nningen 25DK-1270 K\u00f8benhavn K Tlf.: +45 70 23 60 00vagt@atlas-security.dk [&hellip;]<\/p>\n","protected":false},"author":1,"featured_media":0,"parent":0,"menu_order":0,"comment_status":"closed","ping_status":"closed","template":"elementor_canvas","meta":{"footnotes":""},"class_list":["post-7","page","type-page","status-publish","hentry"],"_links":{"self":[{"href":"https:\/\/atlas-security.dk\/index.php?rest_route=\/wp\/v2\/pages\/7","targetHints":{"allow":["GET"]}}],"collection":[{"href":"https:\/\/atlas-security.dk\/index.php?rest_route=\/wp\/v2\/pages"}],"about":[{"href":"https:\/\/atlas-security.dk\/index.php?rest_route=\/wp\/v2\/types\/page"}],"author":[{"embeddable":true,"href":"https:\/\/atlas-security.dk\/index.php?rest_route=\/wp\/v2\/users\/1"}],"replies":[{"embeddable":true,"href":"https:\/\/atlas-security.dk\/index.php?rest_route=%2Fwp%2Fv2%2Fcomments&post=7"}],"version-history":[{"count":49,"href":"https:\/\/atlas-security.dk\/index.php?rest_route=\/wp\/v2\/pages\/7\/revisions"}],"predecessor-version":[{"id":68,"href":"https:\/\/atlas-security.dk\/index.php?rest_route=\/wp\/v2\/pages\/7\/revisions\/68"}],"wp:attachment":[{"href":"https:\/\/atlas-security.dk\/index.php?rest_route=%2Fwp%2Fv2%2Fmedia&parent=7"}],"curies":[{"name":"wp","href":"https:\/\/api.w.org\/{rel}","templated":true}]}}